{"id":2325,"date":"2012-11-15T22:09:55","date_gmt":"2012-11-15T20:09:55","guid":{"rendered":"http:\/\/bibiloni.cat\/blog\/?page_id=2325"},"modified":"2017-01-09T14:56:49","modified_gmt":"2017-01-09T12:56:49","slug":"la-llegenda-aurea","status":"publish","type":"page","link":"https:\/\/bibiloni.cat\/blog\/la-llegenda-aurea\/","title":{"rendered":"La llegenda \u00e0uria"},"content":{"rendered":"<p><strong>Articles sobre sants, onom\u00e0stica i cultura popular<\/strong><\/p>\n<p>&nbsp;<\/p>\n<p>En aquesta p\u00e0gina s&#8217;ajunten els enlla\u00e7os als articles que vaig escriure entre el novembre de 2011 i l&#8217;abril de 2012 sobre santologia l\u00fadica i les seves connexions amb les tradicions, l&#8217;onom\u00e0stica, la topon\u00edmia i la cultura popular. Ateses les dimensions del col\u00b7lectiu hagiogr\u00e0fic, nom\u00e9s em vaig dedicar a aquells sants i santes que han provocat el repertori dels nostres noms personals tradicionals, especialment els de Mallorca. El serial va quedar interromput per manca de temps, per\u00f2 si els lectors preguen als sants, potser algun dia el podrem reprendre on el vam deixar. Aqu\u00ed tamb\u00e9 hi ha l&#8217;\u00edndex del projecte.<\/p>\n<p>&nbsp;<\/p>\n<p><a href=\"http:\/\/bibiloni.cat\/blog\/?p=1203\">Tots Sants<\/a> (1 de novembre)<\/p>\n<p><a href=\"http:\/\/bibiloni.cat\/blog\/?p=1200\">Sant Carles<\/a> (4 de novembre)<\/p>\n<p><a href=\"http:\/\/bibiloni.cat\/blog\/?p=1194\">Santa Elisabet<\/a>\u00a0(5 de novembre)<\/p>\n<p><a href=\"http:\/\/bibiloni.cat\/blog\/?p=1190\">Sant Mart\u00ed<\/a> (11 de novembre)<\/p>\n<p><a href=\"http:\/\/bibiloni.cat\/blog\/?p=1186\">Sant Albert el Gran<\/a> (15 de novembre)<\/p>\n<p><a href=\"http:\/\/bibiloni.cat\/blog\/?p=1183\">Santa Elisabet d&#8217;Hongria<\/a> (17 de novembre)<\/p>\n<p><a href=\"http:\/\/bibiloni.cat\/blog\/?p=1179\">Santa Cec\u00edlia<\/a> (22 de novembre)<\/p>\n<p><a href=\"http:\/\/bibiloni.cat\/blog\/?p=1176\">Sant Climent<\/a> (23 de novembre)<\/p>\n<p><a href=\"http:\/\/bibiloni.cat\/blog\/?p=1168\">Santa Caterina<\/a> (25 de novembre)<\/p>\n<p><a href=\"http:\/\/bibiloni.cat\/blog\/?p=1156\">Sant Andreu<\/a> (30 de novembre)<\/p>\n<p>Sant Eloi (1 de desembre)<\/p>\n<p><a href=\"http:\/\/bibiloni.cat\/blog\/?p=1254\">\u00abSant Xavier\u00bb<\/a> (3 de desembre)<\/p>\n<p><a href=\"http:\/\/bibiloni.cat\/blog\/?p=1248\">Santa B\u00e0rbara<\/a> (4 de desembre)<\/p>\n<p><a href=\"http:\/\/bibiloni.cat\/blog\/?p=1269\">Sant Nicolau<\/a> (6 de desembre)<\/p>\n<p><a href=\"http:\/\/bibiloni.cat\/blog\/?p=1284\">\u00abSanta Imma\u00bb i \u00abSanta Conxita\u00bb<\/a> (8 de desembre)<\/p>\n<p><a href=\"http:\/\/bibiloni.cat\/blog\/?p=1308\">Santa Ll\u00facia<\/a> (13 de desembre)<\/p>\n<p><a href=\"http:\/\/bibiloni.cat\/blog\/?p=1340\">Sant Ll\u00e0tzer<\/a> (17 de desembre)<\/p>\n<p><a href=\"http:\/\/bibiloni.cat\/blog\/?p=1349\">\u00abSanta Esperan\u00e7a\u00bb<\/a> (18 de desembre)<\/p>\n<p><a href=\"http:\/\/bibiloni.cat\/blog\/?p=1374\">Sant Tom\u00e0s<\/a> (21 de desembre)<\/p>\n<p><a href=\"http:\/\/bibiloni.cat\/blog\/?p=1379\">\u00abSant Nadal\u00bb<\/a> (25 de desembre)<\/p>\n<p><a href=\"http:\/\/bibiloni.cat\/blog\/?p=1447\">Santa Eug\u00e8nia<\/a> (25 de desembre)<\/p>\n<p><a href=\"http:\/\/bibiloni.cat\/blog\/?p=1399\">Sant Esteve<\/a> (26 de desembre)<\/p>\n<p><a href=\"http:\/\/bibiloni.cat\/blog\/?p=1472\">Dia dels Innocents<\/a> (28 de desembre)<\/p>\n<p><a href=\"http:\/\/bibiloni.cat\/blog\/?p=1531\">Sant Silvestre i Santa Coloma<\/a> (31 de desembre)<\/p>\n<p><a href=\"http:\/\/bibiloni.cat\/blog\/?p=1401\">Cap d&#8217;Any, \u00abSant Jes\u00fas\u00bb i un enigma<\/a> (1 de gener)<\/p>\n<p><a href=\"http:\/\/bibiloni.cat\/blog\/?p=1616\">Els Reis<\/a> (6 de gener)<\/p>\n<p><a href=\"http:\/\/bibiloni.cat\/blog\/?p=2493\">Sant Juli\u00e0<\/a> (9 de gener)<\/p>\n<p>Sant Honorat (16 de gener)<\/p>\n<p><a href=\"http:\/\/bibiloni.cat\/blog\/?p=1656\">Sant Antoni<\/a> (17 de gener)<\/p>\n<p><a href=\"http:\/\/bibiloni.cat\/blog\/?p=1687\">Sant Sebasti\u00e0<\/a> (20 de gener)<\/p>\n<p><a href=\"http:\/\/bibiloni.cat\/blog\/?p=1705\">Santa Agn\u00e8s<\/a> (21 de gener)<\/p>\n<p><a href=\"http:\/\/bibiloni.cat\/blog\/?p=1712\">Sant Vicen\u00e7<\/a> (22 de gener)<\/p>\n<p><a href=\"http:\/\/bibiloni.cat\/blog\/?p=1747\">La Candelera<\/a> (2 de febrer)<\/p>\n<p><a href=\"http:\/\/bibiloni.cat\/blog\/?p=1758\">Sant Blai<\/a> (3 de febrer)<\/p>\n<p><a href=\"http:\/\/bibiloni.cat\/blog\/?p=1771\">Santa \u00c0gata<\/a> (5 de febrer)<\/p>\n<p><a href=\"http:\/\/bibiloni.cat\/blog\/?p=1782\">Santa Apol\u00b7l\u00f2nia<\/a> (9 de febrer)<\/p>\n<p><a href=\"http:\/\/bibiloni.cat\/blog\/?p=1806\">\u00abSanta Lourdes\u00bb<\/a> (11 de febrer)<\/p>\n<p><a href=\"http:\/\/bibiloni.cat\/blog\/?p=1845\">Santa Eul\u00e0lia<\/a> (12 de febrer)<\/p>\n<p><a href=\"http:\/\/bibiloni.cat\/blog\/?p=1831\">Sant Valent\u00ed<\/a> (14 de febrer)<\/p>\n<p>Santa Elionor (22 de febrer)<\/p>\n<p><a href=\"http:\/\/bibiloni.cat\/blog\/?p=1885\">Sant Maci\u00e0<\/a> (25 de febrer)<\/p>\n<p><a href=\"http:\/\/bibiloni.cat\/blog\/?p=1984\">Sant Gregori<\/a> (12 de mar\u00e7)<\/p>\n<p><a href=\"http:\/\/bibiloni.cat\/blog\/?p=1997\">Sant Josep<\/a> (19 de mar\u00e7)<\/p>\n<p>Sant Benet (21 de mar\u00e7)<\/p>\n<p><a href=\"http:\/\/bibiloni.cat\/blog\/?p=2034\">Sant Gabriel<\/a> (24 de mar\u00e7)<\/p>\n<p><a href=\"http:\/\/bibiloni.cat\/blog\/?p=2063\">\u00abSanta Dolors\u00bb i \u00abSanta Lola\u00bb<\/a> (30 de mar\u00e7)<\/p>\n<p><a href=\"http:\/\/bibiloni.cat\/blog\/?p=2117\">\u00abSanta Gl\u00f2ria\u00bb<\/a> (8 d&#8217;Abril)<\/p>\n<p><a href=\"http:\/\/bibiloni.cat\/blog\/?p=2167\">Sant Jordi<\/a> (23 d&#8217;abril)<\/p>\n<p>Sant Marc (25 d&#8217;abril)<\/p>\n<p>\u00abSanta Montse\u00bb (27 d&#8217;abril)<\/p>\n<p>Sant Felip (1 de maig)<\/p>\n<p>Santa M\u00f2nica (4 de maig)<\/p>\n<p>Sant Isidre (15 de maig)<\/p>\n<p>Santa Rita (22 de maig)<\/p>\n<p>Sant Ferran (30 de maig)<\/p>\n<p>Sant Onofre (12 de juny)<\/p>\n<p>Sant Joan Baptista (24 de juny)<\/p>\n<p>Sant Guillem (25 de juny)<\/p>\n<p>Sant Pere i Sant Plau (29 de juny)<\/p>\n<p>Sant Mar\u00e7al (30 de juny)<\/p>\n<p>Sant Crist\u00f2fol (10 de juliol)<\/p>\n<p>Sant Bonaventura (14 de juliol)<\/p>\n<p>Sant Henric (15 de juliol)<\/p>\n<p>\u00abSanta Carme\u00bb (16 de juliol)<\/p>\n<p>Sant Arnau (18 de juliol)<\/p>\n<p>Santa Margarida (20 de juliol)<\/p>\n<p>Santa Praxedis (21 de juliol)<\/p>\n<p>Santa Magdalena (22 de juliol)<\/p>\n<p>Sant Jaume (25 de juliol)<\/p>\n<p>Santa Anna (26 de juliol)<\/p>\n<p>Santa Marta (29 de juliol)<\/p>\n<p>Sant Ignaci (31 de juliol)<\/p>\n<p>Sant Feliu (1 d&#8217;agost)<\/p>\n<p>\u00abSanta \u00c0ngels\u00bb (2 d&#8217;agost)<\/p>\n<p>Sant Domingo (4 d&#8217;agost)<\/p>\n<p>\u00abSanta Neus\u00bb (5 d&#8217;agost)<\/p>\n<p>Sant Gaiet\u00e0 (7 d&#8217;agost)<\/p>\n<p>Sant Lloren\u00e7 (10 d&#8217;agost)<\/p>\n<p>Santa Susanna (11 d&#8217;agost)<\/p>\n<p>Santa Clara (12 d&#8217;agost) ara 11<\/p>\n<p>\u00abSanta Assumpta\u00bb (15 d&#8217;agost)<\/p>\n<p>Sant Joaquim i Sant Roc (16 d&#8217;agost)<\/p>\n<p>Santa Helena (18 d&#8217;agost)<\/p>\n<p>Sant Mag\u00ed (19 d&#8217;agost)<\/p>\n<p>Sant Bernat (20 d&#8217;agost)<\/p>\n<p>Sant Bartomeu (24 d&#8217;agost)<\/p>\n<p>Sant Llu\u00eds (25 d&#8217;agost)<\/p>\n<p>Sant Agust\u00ed (28 d&#8217;agost)<\/p>\n<p>Santa Rosa (30 d&#8217;agost)<\/p>\n<p>Sant Ramon Nonat (31 d&#8217;agost)<\/p>\n<p>La Mare de D\u00e9u de Setembre (8 de setembre)<\/p>\n<p>El Dol\u00e7 Nom de Maria (12 de setembre)<\/p>\n<p>\u00abSanta Dolors\u00bb (15 set)<\/p>\n<p>Sant Mari\u00e0 (19 de setembre)<\/p>\n<p>Sant Mateu (21 de setembre)<\/p>\n<p>\u00abSanta Merc\u00e8\u00bb (24 de setembre)<\/p>\n<p>Sant Cosme i Sant Dami\u00e0 (27 de setembre)<\/p>\n<p>Sant Miquel (29 de setembre)<\/p>\n<p>Sant Jeroni (30 de setembre)<\/p>\n<p>\u00abSant \u00c0ngel\u00bb (2 d&#8217;octubre)<\/p>\n<p>Sant Francesc (4 d&#8217;octubre)<\/p>\n<p>Sant Bru (6 d&#8217;octubre)<\/p>\n<p>\u00abSanta Roser\u00bb (7 d&#8217;octubre)<\/p>\n<p>Santa Teresa (15 d&#8217;octubre)<\/p>\n<p>Sant Lluc (18 d&#8217;octubre)<\/p>\n<p>Santa \u00darsula i les Verges (21 d&#8217;octubre)<\/p>\n<p>Sant Rafel (24 d&#8217;octubre)<\/p>\n<p>Sant Sim\u00f3 (28 d&#8217;octubre)<\/p>\n<p>&nbsp;<\/p>\n<p>&nbsp;<\/p>\n<p>&nbsp;<\/p>\n<p>&nbsp;<\/p>\n<p style=\"text-align: center;\"><span style=\"color: #999999;\">Sense llic\u00e8ncia eclesi\u00e0stica i amb total insubmissi\u00f3 als capricis del Vatic\u00e0 sobre el santoral<\/span><\/p>\n<h3 id=\"post-1401\"><\/h3>\n","protected":false},"excerpt":{"rendered":"<p>Articles sobre sants, onom\u00e0stica i cultura popular &nbsp; En aquesta p\u00e0gina s&#8217;ajunten els enlla\u00e7os als articles que vaig escriure entre el novembre de 2011 i l&#8217;abril de 2012 sobre santologia l\u00fadica i les seves connexions amb les tradicions, l&#8217;onom\u00e0stica, la topon\u00edmia i la cultura popular. Ateses les dimensions del col\u00b7lectiu hagiogr\u00e0fic, nom\u00e9s em vaig dedicar [&hellip;]<\/p>\n","protected":false},"author":1,"featured_media":0,"parent":0,"menu_order":0,"comment_status":"open","ping_status":"open","template":"","meta":{"_mi_skip_tracking":false,"_monsterinsights_sitenote_active":false,"_monsterinsights_sitenote_note":"","_monsterinsights_sitenote_category":0,"_s2mail":"no","footnotes":""},"class_list":["post-2325","page","type-page","status-publish","hentry"],"_links":{"self":[{"href":"https:\/\/bibiloni.cat\/blog\/wp-json\/wp\/v2\/pages\/2325","targetHints":{"allow":["GET"]}}],"collection":[{"href":"https:\/\/bibiloni.cat\/blog\/wp-json\/wp\/v2\/pages"}],"about":[{"href":"https:\/\/bibiloni.cat\/blog\/wp-json\/wp\/v2\/types\/page"}],"author":[{"embeddable":true,"href":"https:\/\/bibiloni.cat\/blog\/wp-json\/wp\/v2\/users\/1"}],"replies":[{"embeddable":true,"href":"https:\/\/bibiloni.cat\/blog\/wp-json\/wp\/v2\/comments?post=2325"}],"version-history":[{"count":0,"href":"https:\/\/bibiloni.cat\/blog\/wp-json\/wp\/v2\/pages\/2325\/revisions"}],"wp:attachment":[{"href":"https:\/\/bibiloni.cat\/blog\/wp-json\/wp\/v2\/media?parent=2325"}],"curies":[{"name":"wp","href":"https:\/\/api.w.org\/{rel}","templated":true}]}}