{"id":1030,"date":"2011-08-08T01:20:14","date_gmt":"2011-08-07T23:20:14","guid":{"rendered":"http:\/\/bibiloni.cat\/blog\/?page_id=1030"},"modified":"2011-08-08T07:38:06","modified_gmt":"2011-08-08T05:38:06","slug":"subscripcio","status":"publish","type":"page","link":"https:\/\/bibiloni.cat\/blog\/subscripcio\/","title":{"rendered":"Subscripci\u00f3 al blog"},"content":{"rendered":"<form name=\"s2form\" method=\"post\" action=\"https:\/\/bibiloni.cat\/blog\/subscripcio\/\"><input type=\"hidden\" name=\"ip\" value=\"216.73.217.145\" \/><span style=\"display:none !important\"><label for=\"firstname\">Leave This Blank:<\/label><input type=\"text\" id=\"firstname\" name=\"firstname\" \/><label for=\"lastname\">Leave This Blank Too:<\/label><input type=\"text\" id=\"lastname\" name=\"lastname\" \/><label for=\"uri\">Do Not Change This:<\/label><input type=\"text\" id=\"uri\" name=\"uri\" value=\"http:\/\/\" \/><\/span><p><label for=\"s2email\">Your email:<\/label><br><input type=\"email\" name=\"email\" id=\"s2email\" value=\"Enter email address...\" size=\"20\" onfocus=\"if (this.value === 'Enter email address...') {this.value = '';}\" onblur=\"if (this.value === '') {this.value = 'Enter email address...';}\" \/><\/p><p><input type=\"submit\" name=\"subscribe\" value=\"Subscribe\" \/>&nbsp;<input type=\"submit\" name=\"unsubscribe\" value=\"Unsubscribe\" \/><\/p><\/form>\r\n\n<p>&nbsp;<\/p>\n<p>Si voleu que cada vegada que surti un post nou us sigui enviat per correu electr\u00f2nic, feu servir el formulari d&#8217;aqu\u00ed dalt.<\/p>\n<p>&nbsp;<\/p>\n<p>Si us voleu subscriure mitjan\u00e7ant un lector o agregador de <em>feeds<\/em>, utilitzau la icona d&#8217;aqu\u00ed baix.<\/p>\n<p>&nbsp;<\/p>\n<p>&nbsp;<\/p>\n<p><a title=\"Per a subscriure-us a aquest blog\" href=\"http:\/\/bibiloni.cat\/blog\/?feed=rss2\" target=\"_blank\"><img decoding=\"async\" src=\"http:\/\/bibiloni.cat\/blog\/imatges\/rss.png\" alt=\"\" \/><\/a><\/p>\n<p>&nbsp;<\/p>\n<p>&nbsp;<\/p>\n<p>&nbsp;<\/p>\n<p>&nbsp;<\/p>\n","protected":false},"excerpt":{"rendered":"<p>Leave This Blank:Leave This Blank Too:Do Not Change This:Your email:&nbsp; &nbsp; Si voleu que cada vegada que surti un post nou us sigui enviat per correu electr\u00f2nic, feu servir el formulari d&#8217;aqu\u00ed dalt. &nbsp; Si us voleu subscriure mitjan\u00e7ant un lector o agregador de feeds, utilitzau la icona d&#8217;aqu\u00ed baix. &nbsp; &nbsp; &nbsp; &nbsp; &nbsp; [&hellip;]<\/p>\n","protected":false},"author":1,"featured_media":0,"parent":0,"menu_order":0,"comment_status":"open","ping_status":"open","template":"","meta":{"_mi_skip_tracking":false,"_monsterinsights_sitenote_active":false,"_monsterinsights_sitenote_note":"","_monsterinsights_sitenote_category":0,"_s2mail":"yes","footnotes":""},"class_list":["post-1030","page","type-page","status-publish","hentry"],"_links":{"self":[{"href":"https:\/\/bibiloni.cat\/blog\/wp-json\/wp\/v2\/pages\/1030","targetHints":{"allow":["GET"]}}],"collection":[{"href":"https:\/\/bibiloni.cat\/blog\/wp-json\/wp\/v2\/pages"}],"about":[{"href":"https:\/\/bibiloni.cat\/blog\/wp-json\/wp\/v2\/types\/page"}],"author":[{"embeddable":true,"href":"https:\/\/bibiloni.cat\/blog\/wp-json\/wp\/v2\/users\/1"}],"replies":[{"embeddable":true,"href":"https:\/\/bibiloni.cat\/blog\/wp-json\/wp\/v2\/comments?post=1030"}],"version-history":[{"count":1,"href":"https:\/\/bibiloni.cat\/blog\/wp-json\/wp\/v2\/pages\/1030\/revisions"}],"predecessor-version":[{"id":3357,"href":"https:\/\/bibiloni.cat\/blog\/wp-json\/wp\/v2\/pages\/1030\/revisions\/3357"}],"wp:attachment":[{"href":"https:\/\/bibiloni.cat\/blog\/wp-json\/wp\/v2\/media?parent=1030"}],"curies":[{"name":"wp","href":"https:\/\/api.w.org\/{rel}","templated":true}]}}